{"id":3314,"date":"2025-06-19T17:25:12","date_gmt":"2025-06-19T15:25:12","guid":{"rendered":"https:\/\/digitalreport2025.groupeidec.com\/chap-08-contact\/"},"modified":"2025-07-09T11:02:40","modified_gmt":"2025-07-09T09:02:40","slug":"chap-08-contacto","status":"publish","type":"page","link":"https:\/\/digitalreport2025.groupeidec.com\/es\/chap-08-contacto\/","title":{"rendered":"Chap 08 &#8211; Contacto"},"content":{"rendered":"<div class=\"wpb-content-wrapper\"><p>[vc_row section_type=\u00bbfullwidth\u00bb height_ratio=\u00bb100&#8243; padding_top_multiplier=\u00bb\u00bb padding_bottom_multiplier=\u00bb\u00bb rc_heading_color=\u00bbblack\u00bb rc_link_color=\u00bbdark-grey\u00bb rc_link_hover_color=\u00bbblack\u00bb rc_bg_type=\u00bbimage\u00bb rc_bg_image=\u00bb2691&#8243; rc_bg_image_size=\u00bbresponsive\u00bb columns_gap=\u00bb60&#8243; separator_bottom_color=\u00bb#e73029&#8243; rc_font_color=\u00bb#000000&#8243;][vc_column width=\u00bb1\/2&#8243; vertical_content_position=\u00bbmiddle\u00bb animation_delay=\u00bb\u00bb grve_css=\u00bb{\u00abdesktop\u00ab:{\u00abmargin-top\u00ab:\u00ab-50px\u00ab,\u00abmargin-left\u00ab:\u00ab-10%\u00ab,\u00abclass\u00ab:\u00abgrve-wpb-1748506696488\u00ab},\u00abtablet_landscape\u00ab:{\u00abmargin-top\u00ab:\u00ab-10px\u00ab,\u00abmargin-left\u00ab:\u00ab-10%\u00ab}}\u00bb]<div data-animation=\"fade-in-left\" data-delay=\"0\" data-duration=\"normal\" class=\"grve-element grve-image grve-align-center grve-animated-item chevron-red-header\">\r\n\t<div class=\"grve-image-item\">\r\n\t\t\r\n\r\n<div class=\"grve-image-wrapper grve-no-effect\">\r\n\t\t<div class=\"grve-thumbnail-wrapper\"  style=\"width: 960px;\"><div class=\"grve-thumbnail\"  style=\"padding-top: 100%;\"><img loading=\"lazy\" decoding=\"async\" width=\"960\" height=\"960\" src=\"https:\/\/digitalreport2025.groupeidec.com\/wp-content\/uploads\/2025\/06\/chevron_chapitre_08_contact_960x960.png\" class=\"attachment-full size-full\" alt=\"\" data-column-space=\"auto\" data-lazyload=\"\" data-grve-filter=\"yes\" srcset=\"https:\/\/digitalreport2025.groupeidec.com\/wp-content\/uploads\/2025\/06\/chevron_chapitre_08_contact_960x960.png 960w, https:\/\/digitalreport2025.groupeidec.com\/wp-content\/uploads\/2025\/06\/chevron_chapitre_08_contact_960x960-300x300.png 300w, https:\/\/digitalreport2025.groupeidec.com\/wp-content\/uploads\/2025\/06\/chevron_chapitre_08_contact_960x960-150x150.png 150w, https:\/\/digitalreport2025.groupeidec.com\/wp-content\/uploads\/2025\/06\/chevron_chapitre_08_contact_960x960-768x768.png 768w, https:\/\/digitalreport2025.groupeidec.com\/wp-content\/uploads\/2025\/06\/chevron_chapitre_08_contact_960x960-560x560.png 560w, https:\/\/digitalreport2025.groupeidec.com\/wp-content\/uploads\/2025\/06\/chevron_chapitre_08_contact_960x960-900x900.png 900w\" sizes=\"auto, (max-width: 960px) 100vw, 960px\" \/><\/div><\/div>\t<\/div>\r\n\t<\/div>\r\n<\/div>\r\n[\/vc_column][vc_column width=\u00bb1\/2&#8243; vertical_content_position=\u00bbmiddle\u00bb grve_css=\u00bb{\u00abdesktop\u00ab:{\u00abmargin-top\u00ab:\u00ab-50px\u00ab,\u00abmargin-left\u00ab:\u00ab50px\u00ab,\u00abclass\u00ab:\u00abgrve-wpb-1748508671169\u00ab},\u00abtablet_landscape\u00ab:{\u00abmargin-top\u00ab:\u00ab-300px\u00ab,\u00abmargin-left\u00ab:\u00ab0\u00ab}}\u00bb]<h2 data-animation=\"appear-down\" data-delay=\"0\" data-duration=\"normal\" class=\"grve-element grve-title grve-align-left grve-appear-animation grve-advanced-animation grve-animated-item grve-h2 grve-custom-font-1 grve-mobile-reset-increase-heading grve-increase-heading grve-heading-120 stroke-grid\"><span><em>&gt;08<\/em><\/span><\/h2><h1 data-animation=\"appear-down\" data-delay=\"200\" data-duration=\"normal\" class=\"grve-element grve-title grve-align-left grve-appear-animation grve-advanced-animation grve-animated-item grve-h1 grve-custom-font-1 stroke-grid\"><span>Contacto<\/span><\/h1><div class=\"grve-empty-space grve-height-1x\"><\/div><div data-animation=\"fade-in-up\" data-delay=\"800\" data-duration=\"normal\" class=\"grve-element grve-align-left grve-animated-item\"><a href=\"#entree\" class=\"grve-btn-text grve-btn-line grve-line-bottom grve-text-black grve-text-hover-black grve-btn-small\">\r\n\t\t<div class=\"grve-btn-inner\">\r\n\t\t<span>Acceso al contenido<\/span>\r\n\t\t\t<span class=\"grve-line grve-bg-black\"><\/span>\r\n\t\t\t\t\t\t\t<\/div>\r\n\t<\/a><\/div>[\/vc_column][\/vc_row][vc_row padding_top_multiplier=\u00bb3x\u00bb padding_bottom_multiplier=\u00bb4x\u00bb separator_top=\u00bbtilt-left-separator\u00bb][vc_column width=\u00bb1\/6&#8243; text_align=\u00bbcenter\u00bb animation=\u00bbfade-in-up\u00bb][\/vc_column][vc_column width=\u00bb2\/3&#8243; animation=\u00bbfade-in-up\u00bb el_id=\u00bbentree\u00bb][vc_column_text css=\u00bb\u00bb]<\/p>\n<h4><strong>\u00bfNECESITAS INFORMACI\u00d3N?<\/strong><br \/>\nCont\u00e1ctanos mediante el formulario a continuaci\u00f3n.<\/h4>\n<p>[\/vc_column_text]<div style=\"height: 30px;\" class=\"grve-empty-space\"><\/div><div class=\"grve-element grve-contact-form grve-form-btn-simple grve-form-btn-square grve-form-btn-bg-primary-1 grve-form-btn-bg-hover-black grve-form-btn-medium grve-form-input-border-type-solid grve-form-input-border-grey grve-form-input-text-black grve-form-input-placeholder-black grve-form-input-bg-light-grey\">\n<div class=\"wpcf7 no-js\" id=\"wpcf7-f3340-o1\" lang=\"es-ES\" dir=\"ltr\" data-wpcf7-id=\"3340\">\n<div class=\"screen-reader-response\"><p role=\"status\" aria-live=\"polite\" aria-atomic=\"true\"><\/p> <ul><\/ul><\/div>\n<form action=\"\/es\/wp-json\/wp\/v2\/pages\/3314#wpcf7-f3340-o1\" method=\"post\" class=\"wpcf7-form init\" aria-label=\"Formulario de contacto\" novalidate=\"novalidate\" data-status=\"init\">\n<fieldset class=\"hidden-fields-container\"><input type=\"hidden\" name=\"_wpcf7\" value=\"3340\" \/><input type=\"hidden\" name=\"_wpcf7_version\" value=\"6.1\" \/><input type=\"hidden\" name=\"_wpcf7_locale\" value=\"es_ES\" \/><input type=\"hidden\" name=\"_wpcf7_unit_tag\" value=\"wpcf7-f3340-o1\" \/><input type=\"hidden\" name=\"_wpcf7_container_post\" value=\"0\" \/><input type=\"hidden\" name=\"_wpcf7_posted_data_hash\" value=\"\" \/>\n<\/fieldset>\n<div class=\"grve-form\">\n<div class=\"grve-fields-wrapper\">\n<div class=\"grve-one-half\"><span class=\"wpcf7-form-control-wrap\" data-name=\"your-name\"><input size=\"40\" maxlength=\"400\" class=\"wpcf7-form-control wpcf7-text wpcf7-validates-as-required\" autocomplete=\"off\" aria-required=\"true\" aria-invalid=\"false\" placeholder=\"Nombre y apellido *\" value=\"\" type=\"text\" name=\"your-name\" \/><\/span><\/div>\n<div class=\"grve-one-half grve-last-column\"><span class=\"wpcf7-form-control-wrap\" data-name=\"your-email\"><input size=\"40\" maxlength=\"400\" class=\"wpcf7-form-control wpcf7-email wpcf7-validates-as-required wpcf7-text wpcf7-validates-as-email\" autocomplete=\"off\" aria-required=\"true\" aria-invalid=\"false\" placeholder=\"Email *\" value=\"\" type=\"email\" name=\"your-email\" \/><\/span><\/div>\n<div class=\"grve-one-half\"><span class=\"wpcf7-form-control-wrap\" data-name=\"your-subject\"><input size=\"40\" maxlength=\"400\" class=\"wpcf7-form-control wpcf7-text\" autocomplete=\"off\" aria-invalid=\"false\" placeholder=\"Asunto del mensaje\" value=\"\" type=\"text\" name=\"your-subject\" \/><\/span><\/div>\n<div class=\"grve-one-half grve-last-column\"><span class=\"wpcf7-form-control-wrap\" data-name=\"your-phone\"><input size=\"40\" maxlength=\"400\" class=\"wpcf7-form-control wpcf7-text wpcf7-validates-as-required\" aria-required=\"true\" aria-invalid=\"false\" placeholder=\"Tel\u00e9fono *\" value=\"\" type=\"text\" name=\"your-phone\" \/><\/span><\/div>\n<div><span class=\"wpcf7-form-control-wrap\" data-name=\"your-message\"><textarea cols=\"40\" rows=\"10\" maxlength=\"2000\" class=\"wpcf7-form-control wpcf7-textarea wpcf7-validates-as-required\" aria-required=\"true\" aria-invalid=\"false\" placeholder=\"Mensaje *\" name=\"your-message\"><\/textarea><\/span><\/div>\n<div><span id=\"wpcf7-69ddce64232b4-wrapper\" class=\"wpcf7-form-control-wrap Ville-wrap\" style=\"display:none !important; visibility:hidden !important;\"><label for=\"wpcf7-69ddce64232b4-field\" class=\"hp-message\">Por favor, deja este campo vac\u00edo.<\/label><input id=\"wpcf7-69ddce64232b4-field\"  class=\"wpcf7-form-control wpcf7-text\" type=\"text\" name=\"Ville\" value=\"\" size=\"40\" tabindex=\"-1\" autocomplete=\"new-password\" \/><\/span><\/div>\n<div><input class=\"wpcf7-form-control wpcf7-submit has-spinner\" type=\"submit\" value=\"Enviar\" \/><\/div>\n<\/div>\n<\/div><div class=\"wpcf7-response-output\" aria-hidden=\"true\"><\/div>\n<\/form>\n<\/div>\n<\/div>[\/vc_column][vc_column width=\u00bb1\/6&#8243; text_align=\u00bbcenter\u00bb animation=\u00bbfade-in-up\u00bb][\/vc_column][\/vc_row][vc_row height_ratio=\u00bb100&#8243; padding_top_multiplier=\u00bb2x\u00bb padding_bottom_multiplier=\u00bb\u00bb rc_heading_color=\u00bbwhite\u00bb rc_link_color=\u00bbwhite\u00bb rc_link_hover_color=\u00bbprimary-1&#8243; rc_bg_type=\u00bbcolor\u00bb tablet_sm_columns_vertical_gap=\u00bb50&#8243; separator_top=\u00bbtilt-left-separator\u00bb rc_font_color=\u00bb#ffffff\u00bb rc_bg_color=\u00bb#f3f3f3&#8243;][vc_column vertical_content_position=\u00bbmiddle\u00bb]<h2 data-animation=\"fade-in-up\" data-delay=\"0\" data-duration=\"normal\" class=\"grve-element grve-title grve-align-center grve-animated-item grve-h2 grve-text-black\"><span><strong>Acceso <\/strong>al cap\u00edtulo<\/span><\/h2><div class=\"grve-empty-space grve-height-1x\"><\/div>[vc_row_inner el_class=\u00bbconteneur-tuiles\u00bb][vc_column_inner width=\u00bb1\/4&#8243; add_column_link=\u00bbyes\u00bb column_link=\u00bburl:https%3A%2F%2Fdigitalreport2025.groupeidec.com%2Fes%2F|title:Chap%2001&#8243; column_link_class=\u00bbtuiles-menu\u00bb rc_bg_type=\u00bbimage\u00bb rc_bg_image=\u00bb2642&#8243; rc_bg_color_overlay=\u00bbblack\u00bb rc_bg_opacity_overlay=\u00bb20&#8243; rc_add_shadow=\u00bbsmall-shadow\u00bb hover_animation=\u00bbemphasized\u00bb tablet_sm_width=\u00bb1-2&#8243; el_class=\u00bbbutsound\u00bb el_wrapper_class=\u00bbbiz-angle-dr-4col\u00bb]<h3 class=\"grve-element grve-title grve-align-inherit grve-h3 grve-custom-font-1 gradient-title-chiffre stroke-grid\"><span><em>&gt;01<\/em><\/span><\/h3><h4 class=\"grve-element grve-title grve-align-inherit grve-h6 gradient-title-vignette\"><span><strong>GROUPE IDEC<\/strong><br \/>\nUn actor \u00fanico en el sector inmobiliario<\/span><\/h4>[\/vc_column_inner][vc_column_inner width=\u00bb1\/4&#8243; add_column_link=\u00bbyes\u00bb column_link=\u00bburl:https%3A%2F%2Fdigitalreport2025.groupeidec.com%2Fes%2Fchap-02-profesiones-complementarias%2F|title:Chap%2002%20-%20Profesiones%20complementarias\u00bb column_link_class=\u00bbtuiles-menu\u00bb rc_bg_type=\u00bbimage\u00bb rc_bg_image=\u00bb2644&#8243; rc_bg_color_overlay=\u00bbblack\u00bb rc_add_shadow=\u00bbsmall-shadow\u00bb hover_animation=\u00bbemphasized\u00bb tablet_sm_width=\u00bb1-2&#8243; el_class=\u00bbbutsound\u00bb el_wrapper_class=\u00bbbiz-angle-dr-4col\u00bb]<h3 class=\"grve-element grve-title grve-align-inherit grve-h3 grve-custom-font-1 gradient-title-chiffre stroke-grid\"><span><em>&gt;02<\/em><\/span><\/h3><h4 class=\"grve-element grve-title grve-align-inherit grve-h6 gradient-title-vignette\"><span><strong>PROFESIONES COMPLEMENTARIAS<\/strong><br \/>\nUna visi\u00f3n de 360\u00b0 del sector inmobiliario<\/span><\/h4>[\/vc_column_inner][vc_column_inner width=\u00bb1\/4&#8243; add_column_link=\u00bbyes\u00bb column_link=\u00bburl:https%3A%2F%2Fdigitalreport2025.groupeidec.com%2Fes%2Fchap-03-exito%2F|title:Chap%203%20-%20%C3%89xito\u00bb column_link_class=\u00bbtuiles-menu\u00bb rc_bg_type=\u00bbimage\u00bb rc_bg_image=\u00bb2648&#8243; rc_bg_color_overlay=\u00bbblack\u00bb rc_add_shadow=\u00bbsmall-shadow\u00bb hover_animation=\u00bbemphasized\u00bb tablet_sm_width=\u00bb1-2&#8243; el_class=\u00bbbutsound\u00bb el_wrapper_class=\u00bbbiz-angle-dr-4col\u00bb]<h3 class=\"grve-element grve-title grve-align-inherit grve-h3 grve-custom-font-1 gradient-title-chiffre stroke-grid\"><span><em>&gt;03<\/em><\/span><\/h3><h4 class=\"grve-element grve-title grve-align-inherit grve-h6 gradient-title-vignette\"><span><strong>\u00c9XITO<\/strong><br \/>\nProyectos emblem\u00e1ticos para 2024 y 2025<\/span><\/h4>[\/vc_column_inner][vc_column_inner width=\u00bb1\/4&#8243; add_column_link=\u00bbyes\u00bb column_link=\u00bburl:https%3A%2F%2Fdigitalreport2025.groupeidec.com%2Fes%2Fchap-04-compromisos%2F|title:Chap%2004%20-%20Compromisos\u00bb column_link_class=\u00bbtuiles-menu\u00bb rc_bg_type=\u00bbimage\u00bb rc_bg_image=\u00bb2650&#8243; rc_add_shadow=\u00bbsmall-shadow\u00bb hover_animation=\u00bbemphasized\u00bb tablet_sm_width=\u00bb1-2&#8243; el_class=\u00bbbutsound\u00bb el_wrapper_class=\u00bbbiz-angle-dr-4col\u00bb]<h3 class=\"grve-element grve-title grve-align-inherit grve-h3 grve-custom-font-1 gradient-title-chiffre stroke-grid\"><span><em>&gt;04<\/em><\/span><\/h3><h4 class=\"grve-element grve-title grve-align-inherit grve-h6 gradient-title-vignette\"><span><strong>COMPROMISOS<\/strong><br \/>\nUn enfoque unificador de la RSC<\/span><\/h4>[\/vc_column_inner][vc_column_inner mobile_width=\u00bbhide\u00bb]<div class=\"grve-empty-space grve-height-1x espace-hidden\"><\/div>[\/vc_column_inner][vc_column_inner width=\u00bb1\/4&#8243; add_column_link=\u00bbyes\u00bb column_link=\u00bburl:https%3A%2F%2Fdigitalreport2025.groupeidec.com%2Fes%2Fchap-05-impulsores-del-crecimiento%2F|title:Chap%2005%20-%20Impulsores%20del%20crecimiento\u00bb column_link_class=\u00bbtuiles-menu\u00bb rc_bg_type=\u00bbimage\u00bb rc_bg_image=\u00bb2652&#8243; rc_bg_color_overlay=\u00bbblack\u00bb rc_add_shadow=\u00bbsmall-shadow\u00bb hover_animation=\u00bbemphasized\u00bb tablet_sm_width=\u00bb1-2&#8243; el_class=\u00bbbutsound\u00bb el_wrapper_class=\u00bbbiz-angle-dr-4col\u00bb]<h3 class=\"grve-element grve-title grve-align-inherit grve-h3 grve-custom-font-1 gradient-title-chiffre stroke-grid\"><span><em>&gt;05<\/em><\/span><\/h3><h4 class=\"grve-element grve-title grve-align-inherit grve-h6 gradient-title-vignette\"><span><strong>IMPULSORES DEL CRECIMIENTO<\/strong><br \/>\nApoyar el desarrollo del Grupo<\/span><\/h4>[\/vc_column_inner][vc_column_inner width=\u00bb1\/4&#8243; add_column_link=\u00bbyes\u00bb column_link=\u00bburl:https%3A%2F%2Fdigitalreport2025.groupeidec.com%2Fes%2Fchap-06-deporte%2F|title:Chap%2006%20-%20Delporte\u00bb column_link_class=\u00bbtuiles-menu\u00bb rc_bg_type=\u00bbimage\u00bb rc_bg_image=\u00bb2654&#8243; rc_add_shadow=\u00bbsmall-shadow\u00bb hover_animation=\u00bbemphasized\u00bb tablet_sm_width=\u00bb1-2&#8243; el_class=\u00bbbutsound\u00bb el_wrapper_class=\u00bbbiz-angle-dr-4col\u00bb]<h3 class=\"grve-element grve-title grve-align-inherit grve-h3 grve-custom-font-1 gradient-title-chiffre stroke-grid\"><span><em>&gt;06<\/em><\/span><\/h3><h4 class=\"grve-element grve-title grve-align-inherit grve-h6 gradient-title-vignette\"><span><strong>DEPORTE<\/strong><br \/>\nEl ADN del GROUPE IDEC<\/span><\/h4>[\/vc_column_inner][vc_column_inner width=\u00bb1\/4&#8243; add_column_link=\u00bbyes\u00bb column_link=\u00bburl:https%3A%2F%2Fdigitalreport2025.groupeidec.com%2Fes%2Fchap-07-descargas%2F|title:Chap%2007%20-%20Descargas\u00bb column_link_class=\u00bbtuiles-menu\u00bb rc_bg_type=\u00bbimage\u00bb rc_bg_image=\u00bb2656&#8243; rc_bg_color_overlay=\u00bbblack\u00bb rc_add_shadow=\u00bbsmall-shadow\u00bb hover_animation=\u00bbemphasized\u00bb tablet_sm_width=\u00bb1-2&#8243; el_class=\u00bbbutsound\u00bb el_wrapper_class=\u00bbbiz-angle-dr-4col\u00bb]<h3 class=\"grve-element grve-title grve-align-inherit grve-h3 grve-custom-font-1 gradient-title-chiffre stroke-grid\"><span><em>&gt;07<\/em><\/span><\/h3><h4 class=\"grve-element grve-title grve-align-inherit grve-h6 gradient-title-vignette\"><span><strong>DESCARGAS<\/strong><br \/>\nFolleto del GROUPE IDEC y folleto de RSC<\/span><\/h4>[\/vc_column_inner][vc_column_inner width=\u00bb1\/4&#8243; add_column_link=\u00bbyes\u00bb column_link=\u00bburl:https%3A%2F%2Fdigitalreport2025.groupeidec.com%2Fes%2Fchap-08-contacto%2F|title:Chap%2008%20-%20Contacto\u00bb column_link_class=\u00bbtuiles-menu\u00bb rc_bg_type=\u00bbimage\u00bb rc_bg_image=\u00bb2137&#8243; rc_bg_color_overlay=\u00bbblack\u00bb rc_bg_opacity_overlay=\u00bb20&#8243; rc_add_shadow=\u00bbsmall-shadow\u00bb hover_animation=\u00bbemphasized\u00bb tablet_sm_width=\u00bb1-2&#8243; el_class=\u00bbbutsound\u00bb el_wrapper_class=\u00bbbiz-angle-dr-4col\u00bb]<h3 class=\"grve-element grve-title grve-align-inherit grve-h3 grve-custom-font-1 gradient-title-chiffre stroke-grid\"><span><em>&gt;08<\/em><\/span><\/h3><h4 class=\"grve-element grve-title grve-align-inherit grve-h6 gradient-title-vignette\"><span><strong>CONTACTO<\/strong><br \/>\nHablemos de sus proyectos inmobiliarios<\/span><\/h4>[\/vc_column_inner][\/vc_row_inner][\/vc_column][\/vc_row]<\/p>\n<\/div>","protected":false},"excerpt":{"rendered":"<p>[vc_row section_type=\u00bbfullwidth\u00bb height_ratio=\u00bb100&#8243; padding_top_multiplier=\u00bb\u00bb padding_bottom_multiplier=\u00bb\u00bb rc_heading_color=\u00bbblack\u00bb rc_link_color=\u00bbdark-grey\u00bb rc_link_hover_color=\u00bbblack\u00bb rc_bg_type=\u00bbimage\u00bb rc_bg_image=\u00bb2691&#8243; rc_bg_image_size=\u00bbresponsive\u00bb columns_gap=\u00bb60&#8243; separator_bottom_color=\u00bb#e73029&#8243; rc_font_color=\u00bb#000000&#8243;][vc_column width=\u00bb1\/2&#8243; vertical_content_position=\u00bbmiddle\u00bb animation_delay=\u00bb\u00bb grve_css=\u00bb{\u00abdesktop\u00ab:{\u00abmargin-top\u00ab:\u00ab-50px\u00ab,\u00abmargin-left\u00ab:\u00ab-10%\u00ab,\u00abclass\u00ab:\u00abgrve-wpb-1748506696488\u00ab},\u00abtablet_landscape\u00ab:{\u00abmargin-top\u00ab:\u00ab-10px\u00ab,\u00abmargin-left\u00ab:\u00ab-10%\u00ab}}\u00bb][\/vc_column][vc_column width=\u00bb1\/2&#8243; vertical_content_position=\u00bbmiddle\u00bb grve_css=\u00bb{\u00abdesktop\u00ab:{\u00abmargin-top\u00ab:\u00ab-50px\u00ab,\u00abmargin-left\u00ab:\u00ab50px\u00ab,\u00abclass\u00ab:\u00abgrve-wpb-1748508671169\u00ab},\u00abtablet_landscape\u00ab:{\u00abmargin-top\u00ab:\u00ab-300px\u00ab,\u00abmargin-left\u00ab:\u00ab0\u00ab}}\u00bb][\/vc_column][\/vc_row][vc_row padding_top_multiplier=\u00bb3x\u00bb padding_bottom_multiplier=\u00bb4x\u00bb separator_top=\u00bbtilt-left-separator\u00bb][vc_column width=\u00bb1\/6&#8243; text_align=\u00bbcenter\u00bb animation=\u00bbfade-in-up\u00bb][\/vc_column][vc_column width=\u00bb2\/3&#8243; animation=\u00bbfade-in-up\u00bb el_id=\u00bbentree\u00bb][vc_column_text css=\u00bb\u00bb] \u00bfNECESITAS INFORMACI\u00d3N? Cont\u00e1ctanos mediante el formulario a continuaci\u00f3n. [\/vc_column_text][\/vc_column][vc_column width=\u00bb1\/6&#8243; text_align=\u00bbcenter\u00bb animation=\u00bbfade-in-up\u00bb][\/vc_column][\/vc_row][vc_row height_ratio=\u00bb100&#8243; padding_top_multiplier=\u00bb2x\u00bb padding_bottom_multiplier=\u00bb\u00bb rc_heading_color=\u00bbwhite\u00bb rc_link_color=\u00bbwhite\u00bb rc_link_hover_color=\u00bbprimary-1&#8243; rc_bg_type=\u00bbcolor\u00bb tablet_sm_columns_vertical_gap=\u00bb50&#8243; separator_top=\u00bbtilt-left-separator\u00bb rc_font_color=\u00bb#ffffff\u00bb rc_bg_color=\u00bb#f3f3f3&#8243;][vc_column vertical_content_position=\u00bbmiddle\u00bb][vc_row_inner [&hellip;]<\/p>\n","protected":false},"author":1,"featured_media":0,"parent":0,"menu_order":0,"comment_status":"closed","ping_status":"closed","template":"","meta":{"footnotes":""},"class_list":["post-3314","page","type-page","status-publish","hentry","grve-entry-item"],"_links":{"self":[{"href":"https:\/\/digitalreport2025.groupeidec.com\/es\/wp-json\/wp\/v2\/pages\/3314","targetHints":{"allow":["GET"]}}],"collection":[{"href":"https:\/\/digitalreport2025.groupeidec.com\/es\/wp-json\/wp\/v2\/pages"}],"about":[{"href":"https:\/\/digitalreport2025.groupeidec.com\/es\/wp-json\/wp\/v2\/types\/page"}],"author":[{"embeddable":true,"href":"https:\/\/digitalreport2025.groupeidec.com\/es\/wp-json\/wp\/v2\/users\/1"}],"replies":[{"embeddable":true,"href":"https:\/\/digitalreport2025.groupeidec.com\/es\/wp-json\/wp\/v2\/comments?post=3314"}],"version-history":[{"count":6,"href":"https:\/\/digitalreport2025.groupeidec.com\/es\/wp-json\/wp\/v2\/pages\/3314\/revisions"}],"predecessor-version":[{"id":3360,"href":"https:\/\/digitalreport2025.groupeidec.com\/es\/wp-json\/wp\/v2\/pages\/3314\/revisions\/3360"}],"wp:attachment":[{"href":"https:\/\/digitalreport2025.groupeidec.com\/es\/wp-json\/wp\/v2\/media?parent=3314"}],"curies":[{"name":"wp","href":"https:\/\/api.w.org\/{rel}","templated":true}]}}