{"id":3287,"date":"2025-06-19T17:25:12","date_gmt":"2025-06-19T15:25:12","guid":{"rendered":"https:\/\/digitalreport2025.groupeidec.com\/chap-06-sport\/"},"modified":"2025-07-09T11:01:34","modified_gmt":"2025-07-09T09:01:34","slug":"chap-06-deporte","status":"publish","type":"page","link":"https:\/\/digitalreport2025.groupeidec.com\/es\/chap-06-deporte\/","title":{"rendered":"Chap 06 &#8211; Deporte"},"content":{"rendered":"<div class=\"wpb-content-wrapper\"><p>[vc_row section_type=\u00bbfullwidth\u00bb height_ratio=\u00bb100&#8243; padding_top_multiplier=\u00bb\u00bb padding_bottom_multiplier=\u00bb\u00bb rc_heading_color=\u00bbblack\u00bb rc_link_color=\u00bbdark-grey\u00bb rc_link_hover_color=\u00bbblack\u00bb rc_bg_type=\u00bbimage\u00bb rc_bg_image=\u00bb2691&#8243; rc_bg_image_size=\u00bbresponsive\u00bb columns_gap=\u00bb60&#8243; separator_bottom_color=\u00bb#e73029&#8243; rc_font_color=\u00bb#000000&#8243;][vc_column width=\u00bb1\/2&#8243; vertical_content_position=\u00bbmiddle\u00bb animation_delay=\u00bb\u00bb grve_css=\u00bb{\u00abdesktop\u00ab:{\u00abmargin-top\u00ab:\u00ab-50px\u00ab,\u00abmargin-left\u00ab:\u00ab-10%\u00ab,\u00abclass\u00ab:\u00abgrve-wpb-1748506696488\u00ab},\u00abtablet_landscape\u00ab:{\u00abmargin-top\u00ab:\u00ab-10px\u00ab,\u00abmargin-left\u00ab:\u00ab-10%\u00ab}}\u00bb]<div data-animation=\"fade-in-left\" data-delay=\"0\" data-duration=\"normal\" class=\"grve-element grve-image grve-align-center grve-animated-item chevron-red-header\">\r\n\t<div class=\"grve-image-item\">\r\n\t\t\r\n\r\n<div class=\"grve-image-wrapper grve-no-effect\">\r\n\t\t<div class=\"grve-thumbnail-wrapper\"  style=\"width: 960px;\"><div class=\"grve-thumbnail\"  style=\"padding-top: 100%;\"><img loading=\"lazy\" decoding=\"async\" width=\"960\" height=\"960\" src=\"https:\/\/digitalreport2025.groupeidec.com\/wp-content\/uploads\/2025\/05\/chevron_chapitre_07_960x960.png\" class=\"attachment-full size-full\" alt=\"\" data-column-space=\"auto\" data-lazyload=\"\" data-grve-filter=\"yes\" srcset=\"https:\/\/digitalreport2025.groupeidec.com\/wp-content\/uploads\/2025\/05\/chevron_chapitre_07_960x960.png 960w, https:\/\/digitalreport2025.groupeidec.com\/wp-content\/uploads\/2025\/05\/chevron_chapitre_07_960x960-300x300.png 300w, https:\/\/digitalreport2025.groupeidec.com\/wp-content\/uploads\/2025\/05\/chevron_chapitre_07_960x960-150x150.png 150w, https:\/\/digitalreport2025.groupeidec.com\/wp-content\/uploads\/2025\/05\/chevron_chapitre_07_960x960-768x768.png 768w, https:\/\/digitalreport2025.groupeidec.com\/wp-content\/uploads\/2025\/05\/chevron_chapitre_07_960x960-560x560.png 560w, https:\/\/digitalreport2025.groupeidec.com\/wp-content\/uploads\/2025\/05\/chevron_chapitre_07_960x960-900x900.png 900w\" sizes=\"auto, (max-width: 960px) 100vw, 960px\" \/><\/div><\/div>\t<\/div>\r\n\t<\/div>\r\n<\/div>\r\n[\/vc_column][vc_column width=\u00bb1\/2&#8243; vertical_content_position=\u00bbmiddle\u00bb grve_css=\u00bb{\u00abdesktop\u00ab:{\u00abmargin-top\u00ab:\u00ab-50px\u00ab,\u00abmargin-left\u00ab:\u00ab50px\u00ab,\u00abclass\u00ab:\u00abgrve-wpb-1748508671169\u00ab},\u00abtablet_landscape\u00ab:{\u00abmargin-top\u00ab:\u00ab-300px\u00ab,\u00abmargin-left\u00ab:\u00ab0\u00ab}}\u00bb]<h2 data-animation=\"appear-down\" data-delay=\"0\" data-duration=\"normal\" class=\"grve-element grve-title grve-align-left grve-appear-animation grve-advanced-animation grve-animated-item grve-h2 grve-custom-font-1 grve-mobile-reset-increase-heading grve-increase-heading grve-heading-120 stroke-grid\"><span><em>&gt;06<\/em><\/span><\/h2><h1 data-animation=\"appear-down\" data-delay=\"200\" data-duration=\"normal\" class=\"grve-element grve-title grve-align-left grve-appear-animation grve-advanced-animation grve-animated-item grve-h1 grve-custom-font-1 stroke-grid\"><span>Deporte<\/span><\/h1><h3 data-animation=\"appear-down\" data-delay=\"400\" data-duration=\"normal\" class=\"grve-element grve-title grve-align-left grve-appear-animation grve-advanced-animation grve-animated-item grve-h3 grve-custom-font-1 grve-increase-heading grve-heading-120 grve-text-primary-1 stroke-grid\"><span>El ADN del GROUPE IDEC<\/span><\/h3><h4 data-animation=\"appear-down\" data-delay=\"600\" data-duration=\"normal\" class=\"grve-element grve-title grve-align-inherit grve-appear-animation grve-advanced-animation grve-animated-item grve-h4\"><span>\u201cEl desarrollo de GROUPE IDEC est\u00e1 estrechamente vinculado a su compromiso con el deporte, impulsado por valores compartidos que unen y cohesionan\u201d<\/span><\/h4><div class=\"grve-empty-space grve-height-1x\"><\/div><div data-animation=\"fade-in-up\" data-delay=\"800\" data-duration=\"normal\" class=\"grve-element grve-align-left grve-animated-item\"><a href=\"#entree\" class=\"grve-btn-text grve-btn-line grve-line-bottom grve-text-black grve-text-hover-black grve-btn-small\">\r\n\t\t<div class=\"grve-btn-inner\">\r\n\t\t<span>Acceso al contenido<\/span>\r\n\t\t\t<span class=\"grve-line grve-bg-black\"><\/span>\r\n\t\t\t\t\t\t\t<\/div>\r\n\t<\/a><\/div>[\/vc_column][\/vc_row][vc_row section_type=\u00bbfullwidth\u00bb height_ratio=\u00bb100&#8243; padding_top_multiplier=\u00bb\u00bb padding_bottom_multiplier=\u00bb\u00bb disable_element=\u00bbyes\u00bb rc_heading_color=\u00bbblack\u00bb rc_link_color=\u00bbdark-grey\u00bb rc_link_hover_color=\u00bbblack\u00bb rc_bg_type=\u00bbimage\u00bb rc_bg_image=\u00bb2691&#8243; columns_gap=\u00bb60&#8243; separator_bottom_color=\u00bb#e73029&#8243; rc_font_color=\u00bb#000000&#8243; el_class=\u00bbheader-int\u00bb][vc_column width=\u00bb1\/2&#8243; vertical_content_position=\u00bbmiddle\u00bb animation_delay=\u00bb\u00bb grve_css=\u00bb{\u00abdesktop\u00ab:{\u00abmargin-top\u00ab:\u00ab-50px\u00ab,\u00abmargin-left\u00ab:\u00ab-10%\u00ab,\u00abclass\u00ab:\u00abgrve-wpb-1748506696488\u00ab},\u00abtablet_landscape\u00ab:{\u00abmargin-top\u00ab:\u00ab-10px\u00ab,\u00abmargin-left\u00ab:\u00ab-10%\u00ab}}\u00bb]<div data-animation=\"fade-in-left\" data-delay=\"0\" data-duration=\"normal\" class=\"grve-element grve-image grve-align-center grve-animated-item chevron-red-header\">\r\n\t<div class=\"grve-image-item\">\r\n\t\t\r\n\r\n<div class=\"grve-image-wrapper grve-no-effect\">\r\n\t\t<div class=\"grve-thumbnail-wrapper\"  style=\"width: 960px;\"><div class=\"grve-thumbnail\"  style=\"padding-top: 100%;\"><img loading=\"lazy\" decoding=\"async\" width=\"960\" height=\"960\" src=\"https:\/\/digitalreport2025.groupeidec.com\/wp-content\/uploads\/2025\/05\/chevron_chapitre_02_960x960.png\" class=\"attachment-full size-full\" alt=\"\" data-column-space=\"auto\" data-lazyload=\"\" data-grve-filter=\"yes\" srcset=\"https:\/\/digitalreport2025.groupeidec.com\/wp-content\/uploads\/2025\/05\/chevron_chapitre_02_960x960.png 960w, https:\/\/digitalreport2025.groupeidec.com\/wp-content\/uploads\/2025\/05\/chevron_chapitre_02_960x960-300x300.png 300w, https:\/\/digitalreport2025.groupeidec.com\/wp-content\/uploads\/2025\/05\/chevron_chapitre_02_960x960-150x150.png 150w, https:\/\/digitalreport2025.groupeidec.com\/wp-content\/uploads\/2025\/05\/chevron_chapitre_02_960x960-768x768.png 768w, https:\/\/digitalreport2025.groupeidec.com\/wp-content\/uploads\/2025\/05\/chevron_chapitre_02_960x960-560x560.png 560w, https:\/\/digitalreport2025.groupeidec.com\/wp-content\/uploads\/2025\/05\/chevron_chapitre_02_960x960-900x900.png 900w\" sizes=\"auto, (max-width: 960px) 100vw, 960px\" \/><\/div><\/div>\t<\/div>\r\n\t<\/div>\r\n<\/div>\r\n[\/vc_column][vc_column width=\u00bb1\/2&#8243; vertical_content_position=\u00bbmiddle\u00bb animation=\u00bbfade-in-up\u00bb animation_delay=\u00bb200&#8243; grve_css=\u00bb{\u00abdesktop\u00ab:{\u00abmargin-top\u00ab:\u00ab-10px\u00ab,\u00abmargin-left\u00ab:\u00ab50px\u00ab,\u00abclass\u00ab:\u00abgrve-wpb-1749048118721\u00ab},\u00abtablet_landscape\u00ab:{\u00abmargin-left\u00ab:\u00ab0\u00ab}}\u00bb]<h2 class=\"grve-element grve-title grve-align-left grve-h2 grve-custom-font-1 stroke-grid\"><span><em>&gt;06<\/em><\/span><\/h2><h1 class=\"grve-element grve-title grve-align-left grve-h1 grve-custom-font-1 stroke-grid\"><span>Sport<\/span><\/h1><h3 class=\"grve-element grve-title grve-align-left grve-h3 grve-custom-font-1 grve-increase-heading grve-heading-120 grve-text-primary-1 stroke-grid\"><span>L\u2019ADN du GROUPE IDEC<\/span><\/h3><h4 class=\"grve-element grve-title grve-align-inherit grve-h4\"><span>\u201cLe d\u00e9veloppement du GROUPE IDEC est indissociable de son engagement dans le sport avec des valeurs communes et f\u00e9d\u00e9ratrices\u201d<\/span><\/h4><div style=\"height: 20px;\" class=\"grve-empty-space\"><\/div>[vc_row_inner][vc_column_inner content_width=\u00bbcustom\u00bb custom_content_width=\u00bb460&#8243;][vc_raw_html css=\u00bb\u00bb el_class=\u00bbvideo-perso\u00bb]JTNDaWZyYW1lJTIwd2lkdGglM0QlMjI1NjAlMjIlMjBoZWlnaHQlM0QlMjIzMTUlMjIlMjBzcmMlM0QlMjJodHRwcyUzQSUyRiUyRnd3dy55b3V0dWJlLmNvbSUyRmVtYmVkJTJGYkxpSnJjZW1PX1ElM0ZzaSUzRERQdDN2ZHVVUHRTdG1USzIlMjZhbXAlM0JyZWwlM0QwJTI2YXV0b3BsYXklM0QxJTIyJTIwdGl0bGUlM0QlMjJUZWFzZXIlMjBBbm51YWwlMjBSZXBvcnQlMjAyMDI1JTIyJTIwZnJhbWVib3JkZXIlM0QlMjIwJTIyJTIwYWxsb3clM0QlMjJhY2NlbGVyb21ldGVyJTNCJTIwYXV0b3BsYXklM0IlMjBjbGlwYm9hcmQtd3JpdGUlM0IlMjBlbmNyeXB0ZWQtbWVkaWElM0IlMjBneXJvc2NvcGUlM0IlMjBwaWN0dXJlLWluLXBpY3R1cmUlM0IlMjB3ZWItc2hhcmUlMjIlMjByZWZlcnJlcnBvbGljeSUzRCUyMnN0cmljdC1vcmlnaW4td2hlbi1jcm9zcy1vcmlnaW4lMjIlMjBhbGxvd2Z1bGxzY3JlZW4lM0UlM0MlMkZpZnJhbWUlM0U=[\/vc_raw_html][\/vc_column_inner][\/vc_row_inner]<div style=\"height: 25px;\" class=\"grve-empty-space\"><\/div><div class=\"grve-element grve-align-left\"><a href=\"#entree\" class=\"grve-btn-text grve-btn-line grve-line-bottom grve-text-black grve-text-hover-black grve-btn-small\">\r\n\t\t<div class=\"grve-btn-inner\">\r\n\t\t<span>J&#039;acc\u00e8de au contenu<\/span>\r\n\t\t\t<span class=\"grve-line grve-bg-black\"><\/span>\r\n\t\t\t\t\t\t\t<\/div>\r\n\t<\/a><\/div>[\/vc_column][\/vc_row][vc_row padding_top_multiplier=\u00bb4x\u00bb padding_bottom_multiplier=\u00bb4x\u00bb][vc_column width=\u00bb1\/6&#8243;][\/vc_column][vc_column width=\u00bb2\/3&#8243; text_align=\u00bbcenter\u00bb el_id=\u00bbentree\u00bb]<h2 data-animation=\"fade-in-up\" data-delay=\"0\" data-duration=\"normal\" class=\"grve-element grve-title grve-align-inherit grve-animated-item grve-h2\"><span><strong>IDEC SPORT<\/strong>: un ecosistema \u00fanico<\/span><\/h2><div style=\"height: 32px;\" class=\"grve-empty-space\"><\/div>[vc_column_text css=\u00bb\u00bb animation=\u00bbfade-in-up\u00bb animation_delay=\u00bb100&#8243; el_class=\u00bbjustif\u00bb]M\u00e1s all\u00e1 de la vela y el automovilismo, IDEC SPORT extiende su apoyo a deportistas de muy diversos \u00e1mbitos. Desde el f\u00fatbol, el baloncesto y el rugby, hasta los deportes extremos y el deporte adaptado, IDEC SPORT respalda activamente a estos atletas en la conquista de sus objetivos y en el cumplimiento de sus mayores desaf\u00edos.[\/vc_column_text]<div style=\"height: 32px;\" class=\"grve-empty-space\"><\/div>[\/vc_column][vc_column width=\u00bb1\/6&#8243;][\/vc_column][\/vc_row][vc_row padding_top_multiplier=\u00bb2x\u00bb padding_bottom_multiplier=\u00bb4x\u00bb rc_bg_type=\u00bbgradient\u00bb rc_bg_gradient_color_1=\u00bb#f3f3f3&#8243; rc_bg_gradient_color_2=\u00bb#ffffff\u00bb rc_bg_gradient_direction=\u00bb180&#8243; separator_top=\u00bbtilt-right-separator\u00bb][vc_column rc_heading_color=\u00bbwhite\u00bb rc_bg_type=\u00bbimage\u00bb rc_bg_image=\u00bb2592&#8243; rc_bg_image_type=\u00bbhorizontal-parallax-lr\u00bb rc_bg_color_overlay=\u00bbgradient\u00bb rc_bg_gradient_overlay_custom_1=\u00bbrgba(0,0,0,0.82)\u00bb rc_bg_gradient_overlay_custom_2=\u00bbrgba(0,0,0,0.01)\u00bb rc_bg_gradient_overlay_direction=\u00bb45&#8243; rc_font_color=\u00bb#ffffff\u00bb rc_bg_color=\u00bb#000000&#8243; grve_css=\u00bb{\u00abdesktop\u00ab:{\u00abmargin-top\u00ab:\u00ab-10%\u00ab,\u00abpadding-top\u00ab:\u00ab30%\u00ab,\u00abpadding-right\u00ab:\u00ab60\u00ab,\u00abpadding-bottom\u00ab:\u00ab60\u00ab,\u00abpadding-left\u00ab:\u00ab60\u00ab,\u00abclass\u00ab:\u00abgrve-wpb-1748937920093\u00ab},\u00abmobile_landscape\u00ab:{\u00abpadding-top\u00ab:\u00ab30%\u00ab,\u00abpadding-right\u00ab:\u00ab30\u00ab,\u00abpadding-bottom\u00ab:\u00ab30\u00ab,\u00abpadding-left\u00ab:\u00ab30\u00ab}}\u00bb]<div class=\"grve-element grve-single-icon grve-align-inherit grve-medium\" style=\"margin-bottom: 30px;\"><div class=\"grve-wrapper-icon grve-circle grve-simple grve-with-shape grve-bg-primary-1 grve-loop-animation-1 grve-text-white\"><a href=\"https:\/\/youtu.be\/24BkrdjEGbw?si=WjiCUH2ru-RfcGzb\" class=\"grve-video-popup\">\t\t\t\t<svg width=\"24px\" height=\"24px\" viewBox=\"0 0 24 24\" stroke-width=\"0\">\r\n\t\t\t\t\t<polygon points=\"19 12 7 20 7 4\"><\/polygon>\r\n\t\t\t\t<\/svg>\r\n\t\t\t<\/a><div class=\"grve-pulse-bg\"><\/div><\/div><\/div><h3 class=\"grve-element grve-title grve-align-inherit grve-h4\"><span>DESCUBRA <strong>IDEC SPORT<\/strong><\/span><\/h3>[vc_column_text css=\u00bb\u00bb]Pasi\u00f3n por el deporte[\/vc_column_text][\/vc_column][\/vc_row][vc_row padding_top_multiplier=\u00bb4x\u00bb padding_bottom_multiplier=\u00bb4x\u00bb rc_heading_color=\u00bbwhite\u00bb rc_bg_type=\u00bbimage\u00bb rc_bg_image=\u00bb2594&#8243; rc_bg_image_type=\u00bbparallax\u00bb rc_bg_image_size=\u00bbfull\u00bb rc_bg_parallax_threshold=\u00bb0.1&#8243; rc_bg_color_overlay=\u00bbblack\u00bb rc_bg_opacity_overlay=\u00bb50&#8243; equal_column_height=\u00bbequal\u00bb separator_top=\u00bbtilt-left-separator\u00bb separator_top_z_index=\u00bb999&#8243; separator_bottom=\u00bbtilt-right-separator\u00bb rc_font_color=\u00bb#ffffff\u00bb][vc_column width=\u00bb1\/2&#8243; vertical_content_position=\u00bbmiddle\u00bb text_align=\u00bbcenter\u00bb]<div style=\"height: 32px;\" class=\"grve-empty-space\"><\/div><h2 data-animation=\"fade-in-up\" data-delay=\"0\" data-duration=\"normal\" class=\"grve-element grve-title grve-align-inherit grve-animated-item grve-h2\"><span><strong>10 a\u00f1os de pasi\u00f3n<\/strong> por el automovilismo<\/span><\/h2><div style=\"height: 32px;\" class=\"grve-empty-space\"><\/div>[vc_column_text css=\u00bb\u00bb animation=\u00bbfade-in-up\u00bb animation_delay=\u00bb100&#8243; el_class=\u00bbjustif\u00bb]<\/p>\n<p data-start=\"201\" data-end=\"452\">En 2025, el equipo IDEC SPORT Racing celebrar\u00e1 su d\u00e9cimo aniversario compitiendo en los circuitos m\u00e1s prestigiosos del mundo. Diez a\u00f1os de pasi\u00f3n, esp\u00edritu de equipo y, sobre todo, de \u00e9xitos en las European Le Mans Series y en las 24 Horas de Le Mans.<\/p>\n<p data-start=\"454\" data-end=\"756\">Este a\u00f1o tambi\u00e9n supone un nuevo hito para el equipo, que da la bienvenida a GENESIS MAGMA Racing, que competir\u00e1 con un segundo coche LMP2. IDEC SPORT ha sido elegido por esta divisi\u00f3n deportiva de HYUNDAI para preparar su debut en el Campeonato del Mundo de Resistencia 2026, en la categor\u00eda Hypercar.<\/p>\n<p>[\/vc_column_text]<div style=\"height: 32px;\" class=\"grve-empty-space\"><\/div>[\/vc_column][vc_column width=\u00bb1\/2&#8243; vertical_content_position=\u00bbmiddle\u00bb text_align=\u00bbcenter\u00bb]<div data-animation=\"fade-in\" data-delay=\"100\" data-duration=\"normal\" class=\"grve-element grve-single-icon grve-align-inherit grve-medium grve-animated-item butsound\" style=\"margin-bottom: 20px;\"><div class=\"grve-wrapper-icon grve-circle grve-simple grve-with-shape grve-bg-white grve-loop-animation-1 grve-text-primary-1\"><a href=\"https:\/\/youtu.be\/wasfEPf-Vw4?si=nqQWE7xwxtutLiUb\" class=\"grve-video-popup\">\t\t\t\t<svg width=\"24px\" height=\"24px\" viewBox=\"0 0 24 24\" stroke-width=\"0\">\r\n\t\t\t\t\t<polygon points=\"19 12 7 20 7 4\"><\/polygon>\r\n\t\t\t\t<\/svg>\r\n\t\t\t<\/a><div class=\"grve-pulse-bg\"><\/div><\/div><\/div><h4 data-animation=\"fade-in-up\" data-delay=\"200\" data-duration=\"normal\" class=\"grve-element grve-title grve-align-inherit grve-animated-item grve-h4\"><span>DESCUBRE <strong>EL VIDEO<\/strong><\/span><\/h4><div data-animation=\"fade-in-up\" data-delay=\"400\" data-duration=\"normal\" class=\"grve-element grve-image grve-align-center grve-animated-item\">\r\n\t<div class=\"grve-image-item\">\r\n\t\t\r\n\r\n<div class=\"grve-image-wrapper grve-no-effect\">\r\n\t\t<div class=\"grve-thumbnail-wrapper\"  style=\"width: 350px;\"><div class=\"grve-thumbnail\"  style=\"padding-top: 31.429%;\"><img loading=\"lazy\" decoding=\"async\" width=\"350\" height=\"110\" src=\"https:\/\/digitalreport2025.groupeidec.com\/wp-content\/uploads\/2025\/05\/logo_10ans_racing_350x110.png\" class=\"attachment-full size-full\" alt=\"\" data-column-space=\"auto\" data-lazyload=\"\" data-grve-filter=\"yes\" srcset=\"https:\/\/digitalreport2025.groupeidec.com\/wp-content\/uploads\/2025\/05\/logo_10ans_racing_350x110.png 350w, https:\/\/digitalreport2025.groupeidec.com\/wp-content\/uploads\/2025\/05\/logo_10ans_racing_350x110-300x94.png 300w\" sizes=\"auto, (max-width: 350px) 100vw, 350px\" \/><\/div><\/div>\t<\/div>\r\n\t<\/div>\r\n<\/div>\r\n[\/vc_column][\/vc_row][vc_row padding_top_multiplier=\u00bb2x\u00bb padding_bottom_multiplier=\u00bb4x\u00bb][vc_column width=\u00bb1\/6&#8243;][\/vc_column][vc_column width=\u00bb2\/3&#8243; text_align=\u00bbcenter\u00bb]<h2 data-animation=\"fade-in-up\" data-delay=\"0\" data-duration=\"normal\" class=\"grve-element grve-title grve-align-inherit grve-animated-item grve-h2\"><span><strong>Una tripulaci\u00f3n compuesta \u00edntegramente<\/strong> por mujeres se enfrenta al Trofeo Julio Verne<\/span><\/h2><div style=\"height: 32px;\" class=\"grve-empty-space\"><\/div>[vc_column_text css=\u00bb\u00bb animation=\u00bbfade-in-up\u00bb animation_delay=\u00bb100&#8243; el_class=\u00bbjustif\u00bb]IDEC SPORT, que ya ostenta los mayores r\u00e9cords de vela con su maxitrimar\u00e1n, escribe un nuevo cap\u00edtulo en su historia con un nuevo reto extraordinario: conquistar el Trofeo Julio Verne con un equipo exclusivamente femenino.<\/p>\n<p>Unidos en torno a la capitana Alexia BARRIER, THE FAMOUS PROJECT se embarcar\u00e1 al tim\u00f3n del maxitrimar\u00e1n IDEC SPORT en el Trofeo Julio Verne a finales de 2025. El objetivo: batir el r\u00e9cord de vela con esta tripulaci\u00f3n internacional exclusivamente femenina.[\/vc_column_text][\/vc_column][vc_column width=\u00bb1\/6&#8243;][\/vc_column][\/vc_row][vc_row padding_top_multiplier=\u00bb2x\u00bb padding_bottom_multiplier=\u00bb4x\u00bb rc_bg_type=\u00bbgradient\u00bb rc_bg_gradient_color_1=\u00bb#f3f3f3&#8243; rc_bg_gradient_color_2=\u00bb#F4F4F4&#8243; rc_bg_gradient_direction=\u00bb180&#8243; separator_top=\u00bbtilt-left-separator\u00bb][vc_column rc_heading_color=\u00bbwhite\u00bb rc_bg_type=\u00bbimage\u00bb rc_bg_image=\u00bb2956&#8243; rc_bg_image_type=\u00bbhorizontal-parallax-lr\u00bb rc_bg_color_overlay=\u00bbgradient\u00bb rc_bg_gradient_overlay_custom_1=\u00bbrgba(0,0,0,0.82)\u00bb rc_bg_gradient_overlay_custom_2=\u00bbrgba(0,0,0,0.01)\u00bb rc_bg_gradient_overlay_direction=\u00bb45&#8243; rc_font_color=\u00bb#ffffff\u00bb rc_bg_color=\u00bb#000000&#8243; grve_css=\u00bb{\u00abdesktop\u00ab:{\u00abmargin-top\u00ab:\u00ab-10%\u00ab,\u00abpadding-top\u00ab:\u00ab30%\u00ab,\u00abpadding-right\u00ab:\u00ab60\u00ab,\u00abpadding-bottom\u00ab:\u00ab60\u00ab,\u00abpadding-left\u00ab:\u00ab60\u00ab,\u00abclass\u00ab:\u00abgrve-wpb-1749104799945\u00ab},\u00abmobile_landscape\u00ab:{\u00abpadding-top\u00ab:\u00ab30%\u00ab,\u00abpadding-right\u00ab:\u00ab30\u00ab,\u00abpadding-bottom\u00ab:\u00ab30\u00ab,\u00abpadding-left\u00ab:\u00ab30\u00ab}}\u00bb]<div class=\"grve-element grve-single-icon grve-align-inherit grve-medium\" style=\"margin-bottom: 30px;\"><div class=\"grve-wrapper-icon grve-circle grve-simple grve-with-shape grve-bg-primary-1 grve-loop-animation-1 grve-text-white\"><a href=\"https:\/\/youtu.be\/mqBtToFwSac?si=3Vygn3wpH1F01HFC\" class=\"grve-video-popup\">\t\t\t\t<svg width=\"24px\" height=\"24px\" viewBox=\"0 0 24 24\" stroke-width=\"0\">\r\n\t\t\t\t\t<polygon points=\"19 12 7 20 7 4\"><\/polygon>\r\n\t\t\t\t<\/svg>\r\n\t\t\t<\/a><div class=\"grve-pulse-bg\"><\/div><\/div><\/div><h3 class=\"grve-element grve-title grve-align-inherit grve-h4\"><span>Objetivo del <strong>Trofeo Julio Verne<\/strong><\/span><\/h3>[vc_column_text css=\u00bb\u00bb]Con una tripulaci\u00f3n compuesta exclusivamente por mujeres[\/vc_column_text][\/vc_column][\/vc_row][vc_row rc_bg_type=\u00bbcolor\u00bb separator_top=\u00bbtilt-left-separator\u00bb separator_top_color=\u00bb#f4f4f4&#8243; rc_bg_color=\u00bb#f4f4f4&#8243; el_class=\u00bbfooter-menu\u00bb][vc_column width=\u00bb1\/6&#8243;][\/vc_column][vc_column width=\u00bb2\/3&#8243; vertical_content_position=\u00bbmiddle\u00bb text_align=\u00bbcenter\u00bb column_effect=\u00bbvertical-parallax\u00bb][vc_row_inner][vc_column_inner]<video class=\"grve-element grve-embed-video mask1\" playsinline loop=\"loop\" muted=\"muted\" autoplay=\"autoplay\"><source src=\"https:\/\/digitalreport2025.groupeidec.com\/wp-content\/uploads\/2024\/04\/campus-mars-2024-montage-maquette-f4f4f4.mp4\" type=\"video\/mp4\"><\/video>[\/vc_column_inner][\/vc_row_inner][vc_row_inner columns_gap=\u00bbnone\u00bb][vc_column_inner el_wrapper_class=\u00bbposition-absolute-menu-bas-de-page\u00bb]<h3 class=\"grve-element grve-title grve-align-inherit grve-subtitle-text\" style=\"margin-bottom: 20px;\"><span><strong>pr\u00f3ximo<\/strong> cap\u00edtulo<\/span><\/h3><h2 class=\"grve-element grve-animated-text grve-animated-item grve-align-inherit grve-h2 grve-style-3 grve-custom-font-3 grve-mobile-reset-increase-heading grve-increase-heading grve-heading-120\" data-style=\"style-3\" data-delay=\"0\" data-duration=\"normal\"><span class=\"grve-animated-entry\"><span class=\"grve-line\">Descargas<\/span><\/span><\/h2><div class=\"grve-element grve-single-icon grve-align-inherit grve-medium butsound\"><div class=\"grve-wrapper-icon grve-circle grve-simple grve-with-shape grve-bg-primary-1 grve-loop-animation-1 grve-text-white\"><a href=\"https:\/\/digitalreport2025.groupeidec.com\/es\/chap-07-descargas\/\" title=\"Chap 07 - Descargas\"><span class=\"grve-icon entypo-icon entypo-icon-right-open\"><\/span><\/a><div class=\"grve-pulse-bg\"><\/div><\/div><\/div>[\/vc_column_inner][\/vc_row_inner][\/vc_column][vc_column width=\u00bb1\/6&#8243;][\/vc_column][\/vc_row]<\/p>\n<\/div>","protected":false},"excerpt":{"rendered":"<p>[vc_row section_type=\u00bbfullwidth\u00bb height_ratio=\u00bb100&#8243; padding_top_multiplier=\u00bb\u00bb padding_bottom_multiplier=\u00bb\u00bb rc_heading_color=\u00bbblack\u00bb rc_link_color=\u00bbdark-grey\u00bb rc_link_hover_color=\u00bbblack\u00bb rc_bg_type=\u00bbimage\u00bb rc_bg_image=\u00bb2691&#8243; rc_bg_image_size=\u00bbresponsive\u00bb columns_gap=\u00bb60&#8243; separator_bottom_color=\u00bb#e73029&#8243; rc_font_color=\u00bb#000000&#8243;][vc_column width=\u00bb1\/2&#8243; vertical_content_position=\u00bbmiddle\u00bb animation_delay=\u00bb\u00bb grve_css=\u00bb{\u00abdesktop\u00ab:{\u00abmargin-top\u00ab:\u00ab-50px\u00ab,\u00abmargin-left\u00ab:\u00ab-10%\u00ab,\u00abclass\u00ab:\u00abgrve-wpb-1748506696488\u00ab},\u00abtablet_landscape\u00ab:{\u00abmargin-top\u00ab:\u00ab-10px\u00ab,\u00abmargin-left\u00ab:\u00ab-10%\u00ab}}\u00bb][\/vc_column][vc_column width=\u00bb1\/2&#8243; vertical_content_position=\u00bbmiddle\u00bb grve_css=\u00bb{\u00abdesktop\u00ab:{\u00abmargin-top\u00ab:\u00ab-50px\u00ab,\u00abmargin-left\u00ab:\u00ab50px\u00ab,\u00abclass\u00ab:\u00abgrve-wpb-1748508671169\u00ab},\u00abtablet_landscape\u00ab:{\u00abmargin-top\u00ab:\u00ab-300px\u00ab,\u00abmargin-left\u00ab:\u00ab0\u00ab}}\u00bb][\/vc_column][\/vc_row][vc_row section_type=\u00bbfullwidth\u00bb height_ratio=\u00bb100&#8243; padding_top_multiplier=\u00bb\u00bb padding_bottom_multiplier=\u00bb\u00bb disable_element=\u00bbyes\u00bb rc_heading_color=\u00bbblack\u00bb rc_link_color=\u00bbdark-grey\u00bb rc_link_hover_color=\u00bbblack\u00bb rc_bg_type=\u00bbimage\u00bb rc_bg_image=\u00bb2691&#8243; columns_gap=\u00bb60&#8243; separator_bottom_color=\u00bb#e73029&#8243; rc_font_color=\u00bb#000000&#8243; el_class=\u00bbheader-int\u00bb][vc_column width=\u00bb1\/2&#8243; vertical_content_position=\u00bbmiddle\u00bb animation_delay=\u00bb\u00bb grve_css=\u00bb{\u00abdesktop\u00ab:{\u00abmargin-top\u00ab:\u00ab-50px\u00ab,\u00abmargin-left\u00ab:\u00ab-10%\u00ab,\u00abclass\u00ab:\u00abgrve-wpb-1748506696488\u00ab},\u00abtablet_landscape\u00ab:{\u00abmargin-top\u00ab:\u00ab-10px\u00ab,\u00abmargin-left\u00ab:\u00ab-10%\u00ab}}\u00bb][\/vc_column][vc_column width=\u00bb1\/2&#8243; vertical_content_position=\u00bbmiddle\u00bb animation=\u00bbfade-in-up\u00bb animation_delay=\u00bb200&#8243; grve_css=\u00bb{\u00abdesktop\u00ab:{\u00abmargin-top\u00ab:\u00ab-10px\u00ab,\u00abmargin-left\u00ab:\u00ab50px\u00ab,\u00abclass\u00ab:\u00abgrve-wpb-1749048118721\u00ab},\u00abtablet_landscape\u00ab:{\u00abmargin-left\u00ab:\u00ab0\u00ab}}\u00bb][vc_row_inner][vc_column_inner content_width=\u00bbcustom\u00bb custom_content_width=\u00bb460&#8243;][vc_raw_html css=\u00bb\u00bb el_class=\u00bbvideo-perso\u00bb]JTNDaWZyYW1lJTIwd2lkdGglM0QlMjI1NjAlMjIlMjBoZWlnaHQlM0QlMjIzMTUlMjIlMjBzcmMlM0QlMjJodHRwcyUzQSUyRiUyRnd3dy55b3V0dWJlLmNvbSUyRmVtYmVkJTJGYkxpSnJjZW1PX1ElM0ZzaSUzRERQdDN2ZHVVUHRTdG1USzIlMjZhbXAlM0JyZWwlM0QwJTI2YXV0b3BsYXklM0QxJTIyJTIwdGl0bGUlM0QlMjJUZWFzZXIlMjBBbm51YWwlMjBSZXBvcnQlMjAyMDI1JTIyJTIwZnJhbWVib3JkZXIlM0QlMjIwJTIyJTIwYWxsb3clM0QlMjJhY2NlbGVyb21ldGVyJTNCJTIwYXV0b3BsYXklM0IlMjBjbGlwYm9hcmQtd3JpdGUlM0IlMjBlbmNyeXB0ZWQtbWVkaWElM0IlMjBneXJvc2NvcGUlM0IlMjBwaWN0dXJlLWluLXBpY3R1cmUlM0IlMjB3ZWItc2hhcmUlMjIlMjByZWZlcnJlcnBvbGljeSUzRCUyMnN0cmljdC1vcmlnaW4td2hlbi1jcm9zcy1vcmlnaW4lMjIlMjBhbGxvd2Z1bGxzY3JlZW4lM0UlM0MlMkZpZnJhbWUlM0U=[\/vc_raw_html][\/vc_column_inner][\/vc_row_inner][\/vc_column][\/vc_row][vc_row padding_top_multiplier=\u00bb4x\u00bb padding_bottom_multiplier=\u00bb4x\u00bb][vc_column width=\u00bb1\/6&#8243;][\/vc_column][vc_column width=\u00bb2\/3&#8243; text_align=\u00bbcenter\u00bb el_id=\u00bbentree\u00bb][vc_column_text css=\u00bb\u00bb [&hellip;]<\/p>\n","protected":false},"author":1,"featured_media":0,"parent":0,"menu_order":0,"comment_status":"closed","ping_status":"closed","template":"","meta":{"footnotes":""},"class_list":["post-3287","page","type-page","status-publish","hentry","grve-entry-item"],"_links":{"self":[{"href":"https:\/\/digitalreport2025.groupeidec.com\/es\/wp-json\/wp\/v2\/pages\/3287","targetHints":{"allow":["GET"]}}],"collection":[{"href":"https:\/\/digitalreport2025.groupeidec.com\/es\/wp-json\/wp\/v2\/pages"}],"about":[{"href":"https:\/\/digitalreport2025.groupeidec.com\/es\/wp-json\/wp\/v2\/types\/page"}],"author":[{"embeddable":true,"href":"https:\/\/digitalreport2025.groupeidec.com\/es\/wp-json\/wp\/v2\/users\/1"}],"replies":[{"embeddable":true,"href":"https:\/\/digitalreport2025.groupeidec.com\/es\/wp-json\/wp\/v2\/comments?post=3287"}],"version-history":[{"count":11,"href":"https:\/\/digitalreport2025.groupeidec.com\/es\/wp-json\/wp\/v2\/pages\/3287\/revisions"}],"predecessor-version":[{"id":3354,"href":"https:\/\/digitalreport2025.groupeidec.com\/es\/wp-json\/wp\/v2\/pages\/3287\/revisions\/3354"}],"wp:attachment":[{"href":"https:\/\/digitalreport2025.groupeidec.com\/es\/wp-json\/wp\/v2\/media?parent=3287"}],"curies":[{"name":"wp","href":"https:\/\/api.w.org\/{rel}","templated":true}]}}